{"id":2182,"date":"2025-05-15T18:56:01","date_gmt":"2025-05-15T17:56:01","guid":{"rendered":"https:\/\/haridayam.cat\/aviso-legal\/"},"modified":"2025-05-15T18:56:01","modified_gmt":"2025-05-15T17:56:01","slug":"aviso-legal","status":"publish","type":"page","link":"https:\/\/haridayam.cat\/es\/aviso-legal\/","title":{"rendered":"Aviso legal"},"content":{"rendered":"<p>[et_pb_section fb_built=\u00bb1&#8243; _builder_version=\u00bb4.6.3&#8243; use_background_color_gradient=\u00bbon\u00bb background_color_gradient_start=\u00bb#8c6316&#8243; background_color_gradient_end=\u00bb#892e31&#8243; background_color_gradient_type=\u00bbradial\u00bb background_color_gradient_end_position=\u00bb76%\u00bb max_width_tablet=\u00bb\u00bb max_width_phone=\u00bb\u00bb max_width_last_edited=\u00bbon|phone\u00bb module_alignment=\u00bbcenter\u00bb custom_margin=\u00bb|0px||0px|false|false\u00bb custom_padding=\u00bb8rem|0px|10rem|0px|false|false\u00bb top_divider_style=\u00bbarrow3&#8243; top_divider_color=\u00bb#572021&#8243; bottom_divider_style=\u00bbarrow3&#8243; bottom_divider_color=\u00bb#572021&#8243; hover_enabled=\u00bb0&#8243; sticky_enabled=\u00bb0&#8243;][et_pb_row use_custom_gutter=\u00bbon\u00bb gutter_width=\u00bb2&#8243; make_equal=\u00bbon\u00bb _builder_version=\u00bb4.6.3&#8243; module_alignment=\u00bbcenter\u00bb custom_margin=\u00bb0px|0px|0px|0px|true|true\u00bb custom_padding=\u00bb0px|0px|0px|0px|true|true\u00bb][et_pb_column type=\u00bb4_4&#8243; _builder_version=\u00bb4.6.3&#8243;][et_pb_post_title _builder_version=\u00bb4.6.3&#8243; _module_preset=\u00bb5eff33df-2492-42e8-86e7-6aa103904549&#8243; hover_enabled=\u00bb0&#8243; sticky_enabled=\u00bb0&#8243;][\/et_pb_post_title][et_pb_text _builder_version=\u00bb4.6.3&#8243; _module_preset=\u00bb0071b6d6-2fdf-421a-9980-fab1a8bf6a8b\u00bb hover_enabled=\u00bb0&#8243; sticky_enabled=\u00bb0&#8243;]<\/p>\n<p>En compliment amb el deure d&#8217;informaci\u00f3 recollit a l&#8217;article 10 de la Llei 34\/2002, d&#8217;11 de Juliol, de Serveis de la Informaci\u00f3 i del Comer\u00e7 Electr\u00f2nic, l&#8217;informem que el lloc web i el portal d&#8217;Internet WWW.HARIDAYAM.CAT (en endavant, el \u00abWeb\u00bb) \u00e9s titularitat de P. HARIDAYAM,S.D.S., amb domicili social a AVENIDA DOCTOR VILASECA NUM 8 amb CIF n\u00ba R4300297A. El present av\u00eds legal regula les condicions d&#8217;\u00fas del citat portal d&#8217;Internet . <\/p>\n<h2><strong>Llei aplicable i jurisdicci\u00f3<\/strong><\/h2>\n<p>Amb car\u00e0cter general les relacions entre P. HARIDAYAM,S.D.S. i els usuaris dels serveis telem\u00e0tics, presents a la Web, es troben sotmeses a la legislaci\u00f3 i jurisdicci\u00f3 espanyoles.<\/p>\n<p>Les parts renuncien expressament al fur que els pugui correspondre i sotmeten expressament als Jutjats i Tribunals de Reus per resoldre qualsevol controv\u00e8rsia que pugui sorgir en la interpretaci\u00f3 o execuci\u00f3 de les presents condicions contractuals.<\/p>\n<h2><strong>Acceptaci\u00f3 de l&#8217;usuari<\/strong><\/h2>\n<p>Aquest Av\u00eds Legal regula l&#8217;acc\u00e9s i utilitzaci\u00f3 de la p\u00e0gina web que P. HARIDAYAM,S.D.S. posa a la disposici\u00f3 dels usuaris d&#8217;Internet . Es considera usuari a la persona que accedeixi, navegui, utilitzi o participi en els serveis i activitats de la p\u00e0gina web. <\/p>\n<p>L&#8217;usuari queda informat, i accepta, que l&#8217;acc\u00e9s a la present web no suposa, de cap manera, l&#8217;inici d&#8217;una relaci\u00f3 comercial amb P. HARIDAYAM,S.D.S..<\/p>\n<p>L&#8217;acc\u00e9s i navegaci\u00f3 al lloc web per part de l&#8217;usuari suposa l&#8217;acceptaci\u00f3 de la totalitat de les presents Condicions d&#8217;\u00das. En cas de desacord amb les condicions ha d&#8217;abstenir-se a usar el lloc web. <\/p>\n<h2><strong>Acc\u00e9s a la web<\/strong><\/h2>\n<p>L&#8217;acc\u00e9s a la p\u00e0gina web per part dels usuaris \u00e9s de car\u00e0cter lliure i gratu\u00eft . Alguns serveis poden trobar-se subjectes a contractaci\u00f3 pr\u00e8via del servei. <\/p>\n<p>En cas de ser necessari que l&#8217;usuari aporti dades personals per accedir a algun dels serveis, la recollida i el tractament de les dades es realitzar\u00e0 de conformitat amb la normativa vigent, en concret amb el RGPD. Per m\u00e9s informaci\u00f3, consulti la nostra pol\u00edtica de privacitat WWW.HARIDAYAM.CAT\/POLITICADEPRIVACIDAD. <\/p>\n<h2><strong>Contingut i \u00fas<\/strong><\/h2>\n<p>La visita al lloc web per part de l&#8217;usuari haur\u00e0 de fer-se de forma responsable i de conformitat a la legalitat vigent, la bona fe, el present Av\u00eds Legal i respectant els drets de propietat intel\u00b7lectual i industrial de titularitat de P. HARIDAYAM,S.D.S. o qualsevol altres persones f\u00edsiques o jur\u00eddiques.<\/p>\n<p>L&#8217;\u00fas de qualsevol dels continguts del lloc web amb finalitats que siguin o poguessin ser il\u00b7l\u00edcites queda totalment prohibit, aix\u00ed com la realitzaci\u00f3 de qualsevol acci\u00f3 que causi o pugui causar danys o alteracions de qualsevol mena no consentides per P. HARIDAYAM,S.D.S., al lloc web o als seus continguts.<\/p>\n<p>El titular del web no s&#8217;identifica amb les opinions abocades en el mateix pels seus col\u00b7laboradors. L&#8217;empresa es reserva el dret a efectuar sense previ av\u00eds les modificacions que consideri oportunes en la seva Web, podent canviar, suprimir o afegir tant els continguts i serveis que es presten a trav\u00e9s de la mateixa com la forma en la qual aquests apareguin presentats o localitzats en els seus servidors. <\/p>\n<p>La visita al lloc web per part de l&#8217;usuari haur\u00e0 de fer-se de forma responsable i de conformitat a la legalitat vigent, la bona fe, el present Av\u00eds Legal i respectant els drets de propietat intel\u00b7lectual i industrial de titularitat de P. HARIDAYAM,S.D.S. o qualsevol altres persones f\u00edsiques o jur\u00eddiques.<\/p>\n<p>L&#8217;\u00fas de qualsevol dels continguts del lloc web amb finalitats que siguin o poguessin ser il\u00b7l\u00edcites queda totalment prohibit, aix\u00ed com la realitzaci\u00f3 de qualsevol acci\u00f3 que causi o pugui causar danys o alteracions de qualsevol mena no consentides per P. HARIDAYAM,S.D.S., al lloc web o als seus continguts.<\/p>\n<h2><strong>Propietat intel\u00b7lectual i industrial<\/strong><\/h2>\n<p>Els drets de propietat intel\u00b7lectual del contingut de les p\u00e0gines web, el seu disseny gr\u00e0fic i codis s\u00f3n titularitat de P. HARIDAYAM,S.D.S. i, per tant, queda prohibida la seva reproducci\u00f3, distribuci\u00f3, comunicaci\u00f3 p\u00fablica, transformaci\u00f3 o qualsevol altra activitat que es realitzi amb els continguts de la p\u00e0gina web, encara que es citin les fonts, excepte que es compti amb el consentiment previ, expr\u00e9s i per escrit de P. HARIDAYAM,S.D.S.. Tots els noms comercials, marques o signes distintius de qualsevol classe continguts en les p\u00e0gines web de l&#8217;empresa s\u00f3n propietat dels seus amos i estan protegits per llei. <\/p>\n<p>P. HARIDAYAM,S.D.S. no concedeix cap llic\u00e8ncia o autoritzaci\u00f3 d&#8217;\u00fas de ninguna classe sobre els seus drets de propietat intel\u00b7lectual i industrial o sobre qualsevol altra propietat o dret relacionat amb el lloc web, i en cap cas s&#8217;entendr\u00e0 que l&#8217;acc\u00e9s i navegaci\u00f3 dels usuaris implica una ren\u00fancia, transmissi\u00f3, llic\u00e8ncia o cessi\u00f3 total ni parcial d&#8217;aquests drets per part de P. HARIDAYAM,S.D.S..<\/p>\n<p>Qualsevol \u00fas d&#8217;aquests continguts no autoritzats pr\u00e8viament per part de P. HARIDAYAM,S.D.S. ser\u00e0 considerat un incompliment greu dels drets de propietat intel\u00b7lectual o industrial i donar\u00e0 lloc a les responsabilitats legalment establertes. P. HARIDAYAM,S.D.S. es reserva el dret d&#8217;exercitar enfront l&#8217;usuari les accions judicials i extrajudicials que corresponguin. <\/p>\n<h2><strong>Responsabilitat i garanties<\/strong><\/h2>\n<p>P. HARIDAYAM,S.D.S. declara que ha adoptat les mesures necess\u00e0ries que, dins de les seves possibilitats i l&#8217;estat de la tecnologia, permeten el correcte funcionament del seu lloc web aix\u00ed com l&#8217;abs\u00e8ncia de virus i components nocius. No obstant aix\u00f2, P. HARIDAYAM,S.D.S. no pot fer-se responsable de les seg\u00fcents situacions que s&#8217;enumeren a t\u00edtol enunciatiu, per\u00f2 no limitatiu: <\/p>\n<ul>\n<li>La continu\u00eftat i disponibilitat dels Continguts.<\/li>\n<li>L&#8217;abs\u00e8ncia d&#8217;errors en els Continguts ni la correcci\u00f3 de qualsevol defecte que pogu\u00e9s oc\u00f3rrer.<\/li>\n<li>L&#8217;abs\u00e8ncia de virus i\/o altres components nocius.<\/li>\n<li>Els danys o perjudicis que causi qualsevol persona que vulneri els sistemes de seguretat de P.HARIDAYAM,S.D.S..<\/li>\n<li>L&#8217;\u00fas que els usuaris puguin fer dels continguts inclosos en el web. En conseq\u00fc\u00e8ncia, P. HARIDAYAM,S.D.S. no garanteix que l&#8217;\u00fas que els usuaris puguin fer dels continguts que en el seu cas s&#8217;incloguin en el lloc web s&#8217;ajustin al present av\u00eds legal ni que l&#8217;\u00fas del lloc web es realitzi de forma diligent . <\/li>\n<li>L&#8217;\u00fas per menors d&#8217;edat del lloc web o de l&#8217;enviament de les seves dades personals sense el perm\u00eds dels seus tutors, sent els tutors responsables de l&#8217;\u00fas que facin d&#8217;Internet .<\/li>\n<li>Els continguts als quals l&#8217;usuari pugui accedir a trav\u00e9s d&#8217;enlla\u00e7os no autoritzats o introdu\u00efts per usuaris mitjan\u00e7ant comentaris o eines similars.<\/li>\n<li>La introducci\u00f3 de dades err\u00f2nies per part de l&#8217;usuari o d&#8217;un tercer.<\/li>\n<\/ul>\n<p>P. HARIDAYAM,S.D.S. podr\u00e0 suspendre temporalment i sense previ av\u00eds, l&#8217;accessibilitat al lloc web amb motiu d&#8217;operacions de manteniment, reparaci\u00f3, actualitzaci\u00f3 o millora. No obstant aix\u00f2, sempre que les circumst\u00e0ncies ho permetin, P. HARIDAYAM,S.D.S. comunicar\u00e0 a l&#8217;usuari, amb antelaci\u00f3 suficient, la data prevista per la suspensi\u00f3 dels continguts. <\/p>\n<p>Igualment, de conformitat amb els arts. 11 i 16 de la Llei 34\/2002, d&#8217;11 de juliol, de serveis de la societat de la informaci\u00f3 i de comer\u00e7 electr\u00f2nic, P. HARIDAYAM,S.D.S. es compromet a l&#8217;eliminaci\u00f3 o, en el seu cas, el bloqueig dels continguts que poguessin afectar o ser contraris a la legislaci\u00f3 vigent, els drets de tercers o la moral i ordre p\u00fablic. <\/p>\n<h2><strong>Cookies<\/strong><\/h2>\n<p>P. HARIDAYAM,S.D.S. utilitza cookies, a l&#8217;efecte d&#8217;optimitzar i personalitzar la seva navegaci\u00f3 pel lloc web. Les cookies s\u00f3n fitxers f\u00edsics d&#8217;informaci\u00f3 que s&#8217;allotgen en el mateix terminal de l&#8217;usuari, la informaci\u00f3 recollida mitjan\u00e7ant les cookies serveix per facilitar la navegaci\u00f3 de l&#8217;usuari pel portal i optimitzar l&#8217;experi\u00e8ncia de navegaci\u00f3. Les dades recopilades mitjan\u00e7ant les cookies poden ser compartides amb els creadors d&#8217;aquestes, per\u00f2 en cap cas la informaci\u00f3 obtinguda per les mateixes ser\u00e0 associada a dades personals ni a dades que poden identificar a l&#8217;usuari.  <\/p>\n<p>No obstant aix\u00f2, si l&#8217;usuari no desitja que s&#8217;instal\u00b7lin cookies en el seu disc dur, t\u00e9 la possibilitat de configurar el navegador de tal manera que impedeixi la instal\u00b7laci\u00f3 d&#8217;aquests arxius. Per obtenir m\u00e9s informaci\u00f3 consulti la nostra Pol\u00edtica de Cookies WWW.HARIDAYAM.CAT\/POLITICADECOOKIES. <\/p>\n<h2><strong>Enlla\u00e7os (links)<\/strong><\/h2>\n<p>La pres\u00e8ncia d&#8217;enlla\u00e7os (links) a la p\u00e0gina web de P. HARIDAYAM,S.D.S. cap a altres llocs d&#8217;Internet t\u00e9 finalitat merament informativa i en cap cas suposen suggeriment, invitaci\u00f3 o recomanaci\u00f3 sobre aquests. P. HARIDAYAM,S.D.S. no assumir\u00e0 responsabilitat pels continguts d&#8217;un enlla\u00e7 pertanyent a un lloc web ali\u00e8, ni garantir\u00e0 la fiabilitat, exactitud, amplitud, veracitat, validesa i disponibilitat t\u00e8cnica. <\/p>\n<p>En el cas de que a altres llocs webs s&#8217;estableixin enlla\u00e7os a la p\u00e0gina web de P. HARIDAYAM,S.D.S., no s&#8217;entendr\u00e0 que P. HARIDAYAM,S.D.S. ha autoritzat l&#8217;enlla\u00e7 o el contingut del lloc web en el que es cont\u00e9 l&#8217;enlla\u00e7, tampoc es podr\u00e0 incloure a la p\u00e0gina de l&#8217;enlla\u00e7 continguts inapropiats, difamatoris, il\u00b7legals, obscens o il\u00b7l\u00edcits, ni altres continguts que siguin contraris a la legalitat vigent .<\/p>\n<p>P. HARIDAYAM,S.D.S. es reserva la possibilitat de contactar amb el propietari del lloc web en el qual s&#8217;estableixi l&#8217;enlla\u00e7 si considera que s&#8217;incompleix la normativa, aix\u00ed com d&#8217;exercitar les corresponents accions judicials i extrajudicials.<\/p>\n<h2><strong>Modificaci\u00f3 de les condicions<\/strong><\/h2>\n<p>P. HARIDAYAM,S.D.S. es reserva expressament el dret a modificar unilateralment, total o parcialment, sense necessitat de previ av\u00eds, el present Av\u00eds Legal. L&#8217;usuari reconeix i accepta que \u00e9s responsabilitat seva revisar peri\u00f2dicament el present Av\u00eds Legal. <\/p>\n<p>[\/et_pb_text][\/et_pb_column][\/et_pb_row][\/et_pb_section]<\/p>\n","protected":false},"excerpt":{"rendered":"<p>En compliment amb el deure d&#8217;informaci\u00f3 recollit a l&#8217;article 10 de la Llei 34\/2002, d&#8217;11 de Juliol, de Serveis de la Informaci\u00f3 i del Comer\u00e7 Electr\u00f2nic, l&#8217;informem que el lloc web i el portal d&#8217;Internet WWW.HARIDAYAM.CAT (en endavant, el \u00abWeb\u00bb) \u00e9s titularitat de P. HARIDAYAM,S.D.S., amb domicili social a AVENIDA DOCTOR VILASECA NUM 8 amb [&hellip;]<\/p>\n","protected":false},"author":1,"featured_media":0,"parent":0,"menu_order":0,"comment_status":"closed","ping_status":"closed","template":"","meta":{"_et_pb_use_builder":"on","_et_pb_old_content":"","_et_gb_content_width":"","footnotes":""},"class_list":["post-2182","page","type-page","status-publish","hentry"],"yoast_head":"<!-- This site is optimized with the Yoast SEO plugin v27.5 - https:\/\/yoast.com\/product\/yoast-seo-wordpress\/ -->\n<title>Aviso legal | Haridayam Ioga Reus<\/title>\n<meta name=\"robots\" content=\"index, follow, max-snippet:-1, max-image-preview:large, max-video-preview:-1\" \/>\n<link rel=\"canonical\" href=\"https:\/\/haridayam.cat\/es\/aviso-legal\/\" \/>\n<meta property=\"og:locale\" content=\"es_ES\" \/>\n<meta property=\"og:type\" content=\"article\" \/>\n<meta property=\"og:title\" content=\"Aviso legal | Haridayam Ioga Reus\" \/>\n<meta property=\"og:description\" content=\"En compliment amb el deure d&#039;informaci\u00f3 recollit a l&#039;article 10 de la Llei 34\/2002, d&#039;11 de Juliol, de Serveis de la Informaci\u00f3 i del Comer\u00e7 Electr\u00f2nic, l&#039;informem que el lloc web i el portal d&#039;Internet WWW.HARIDAYAM.CAT (en endavant, el &quot;Web&quot;) \u00e9s titularitat de P. HARIDAYAM,S.D.S., amb domicili social a AVENIDA DOCTOR VILASECA NUM 8 amb [&hellip;]\" \/>\n<meta property=\"og:url\" content=\"https:\/\/haridayam.cat\/es\/aviso-legal\/\" \/>\n<meta property=\"og:site_name\" content=\"Haridayam Ioga Reus\" \/>\n<meta name=\"twitter:card\" content=\"summary_large_image\" \/>\n<meta name=\"twitter:label1\" content=\"Tiempo de lectura\" \/>\n\t<meta name=\"twitter:data1\" content=\"9 minutos\" \/>\n<script type=\"application\/ld+json\" class=\"yoast-schema-graph\">{\"@context\":\"https:\\\/\\\/schema.org\",\"@graph\":[{\"@type\":\"WebPage\",\"@id\":\"https:\\\/\\\/haridayam.cat\\\/es\\\/aviso-legal\\\/\",\"url\":\"https:\\\/\\\/haridayam.cat\\\/es\\\/aviso-legal\\\/\",\"name\":\"Aviso legal | Haridayam Ioga Reus\",\"isPartOf\":{\"@id\":\"https:\\\/\\\/haridayam.cat\\\/es\\\/#website\"},\"datePublished\":\"2025-05-15T17:56:01+00:00\",\"breadcrumb\":{\"@id\":\"https:\\\/\\\/haridayam.cat\\\/es\\\/aviso-legal\\\/#breadcrumb\"},\"inLanguage\":\"es\",\"potentialAction\":[{\"@type\":\"ReadAction\",\"target\":[\"https:\\\/\\\/haridayam.cat\\\/es\\\/aviso-legal\\\/\"]}]},{\"@type\":\"BreadcrumbList\",\"@id\":\"https:\\\/\\\/haridayam.cat\\\/es\\\/aviso-legal\\\/#breadcrumb\",\"itemListElement\":[{\"@type\":\"ListItem\",\"position\":1,\"name\":\"Home\",\"item\":\"https:\\\/\\\/haridayam.cat\\\/es\\\/hridayam\\\/\"},{\"@type\":\"ListItem\",\"position\":2,\"name\":\"Aviso legal\"}]},{\"@type\":\"WebSite\",\"@id\":\"https:\\\/\\\/haridayam.cat\\\/es\\\/#website\",\"url\":\"https:\\\/\\\/haridayam.cat\\\/es\\\/\",\"name\":\"Haridayam Ioga Reus\",\"description\":\"Comunitat de practicants de ioga, meditaci\u00f3 i filosofia Vedanta a Reus\",\"publisher\":{\"@id\":\"https:\\\/\\\/haridayam.cat\\\/es\\\/#organization\"},\"potentialAction\":[{\"@type\":\"SearchAction\",\"target\":{\"@type\":\"EntryPoint\",\"urlTemplate\":\"https:\\\/\\\/haridayam.cat\\\/es\\\/?s={search_term_string}\"},\"query-input\":{\"@type\":\"PropertyValueSpecification\",\"valueRequired\":true,\"valueName\":\"search_term_string\"}}],\"inLanguage\":\"es\"},{\"@type\":\"Organization\",\"@id\":\"https:\\\/\\\/haridayam.cat\\\/es\\\/#organization\",\"name\":\"Pratyabhij\u00f1a Hridayam Sanatana Dharma Sangha\",\"url\":\"https:\\\/\\\/haridayam.cat\\\/es\\\/\",\"logo\":{\"@type\":\"ImageObject\",\"inLanguage\":\"es\",\"@id\":\"https:\\\/\\\/haridayam.cat\\\/es\\\/#\\\/schema\\\/logo\\\/image\\\/\",\"url\":\"https:\\\/\\\/haridayam.cat\\\/wp-content\\\/uploads\\\/2020\\\/02\\\/HRIDAYAM_re\u0301t_int_04_OK.png\",\"contentUrl\":\"https:\\\/\\\/haridayam.cat\\\/wp-content\\\/uploads\\\/2020\\\/02\\\/HRIDAYAM_re\u0301t_int_04_OK.png\",\"width\":1034,\"height\":1028,\"caption\":\"Pratyabhij\u00f1a Hridayam Sanatana Dharma Sangha\"},\"image\":{\"@id\":\"https:\\\/\\\/haridayam.cat\\\/es\\\/#\\\/schema\\\/logo\\\/image\\\/\"}}]}<\/script>\n<!-- \/ Yoast SEO plugin. -->","yoast_head_json":{"title":"Aviso legal | Haridayam Ioga Reus","robots":{"index":"index","follow":"follow","max-snippet":"max-snippet:-1","max-image-preview":"max-image-preview:large","max-video-preview":"max-video-preview:-1"},"canonical":"https:\/\/haridayam.cat\/es\/aviso-legal\/","og_locale":"es_ES","og_type":"article","og_title":"Aviso legal | Haridayam Ioga Reus","og_description":"En compliment amb el deure d'informaci\u00f3 recollit a l'article 10 de la Llei 34\/2002, d'11 de Juliol, de Serveis de la Informaci\u00f3 i del Comer\u00e7 Electr\u00f2nic, l'informem que el lloc web i el portal d'Internet WWW.HARIDAYAM.CAT (en endavant, el \"Web\") \u00e9s titularitat de P. HARIDAYAM,S.D.S., amb domicili social a AVENIDA DOCTOR VILASECA NUM 8 amb [&hellip;]","og_url":"https:\/\/haridayam.cat\/es\/aviso-legal\/","og_site_name":"Haridayam Ioga Reus","twitter_card":"summary_large_image","twitter_misc":{"Tiempo de lectura":"9 minutos"},"schema":{"@context":"https:\/\/schema.org","@graph":[{"@type":"WebPage","@id":"https:\/\/haridayam.cat\/es\/aviso-legal\/","url":"https:\/\/haridayam.cat\/es\/aviso-legal\/","name":"Aviso legal | Haridayam Ioga Reus","isPartOf":{"@id":"https:\/\/haridayam.cat\/es\/#website"},"datePublished":"2025-05-15T17:56:01+00:00","breadcrumb":{"@id":"https:\/\/haridayam.cat\/es\/aviso-legal\/#breadcrumb"},"inLanguage":"es","potentialAction":[{"@type":"ReadAction","target":["https:\/\/haridayam.cat\/es\/aviso-legal\/"]}]},{"@type":"BreadcrumbList","@id":"https:\/\/haridayam.cat\/es\/aviso-legal\/#breadcrumb","itemListElement":[{"@type":"ListItem","position":1,"name":"Home","item":"https:\/\/haridayam.cat\/es\/hridayam\/"},{"@type":"ListItem","position":2,"name":"Aviso legal"}]},{"@type":"WebSite","@id":"https:\/\/haridayam.cat\/es\/#website","url":"https:\/\/haridayam.cat\/es\/","name":"Haridayam Ioga Reus","description":"Comunitat de practicants de ioga, meditaci\u00f3 i filosofia Vedanta a Reus","publisher":{"@id":"https:\/\/haridayam.cat\/es\/#organization"},"potentialAction":[{"@type":"SearchAction","target":{"@type":"EntryPoint","urlTemplate":"https:\/\/haridayam.cat\/es\/?s={search_term_string}"},"query-input":{"@type":"PropertyValueSpecification","valueRequired":true,"valueName":"search_term_string"}}],"inLanguage":"es"},{"@type":"Organization","@id":"https:\/\/haridayam.cat\/es\/#organization","name":"Pratyabhij\u00f1a Hridayam Sanatana Dharma Sangha","url":"https:\/\/haridayam.cat\/es\/","logo":{"@type":"ImageObject","inLanguage":"es","@id":"https:\/\/haridayam.cat\/es\/#\/schema\/logo\/image\/","url":"https:\/\/haridayam.cat\/wp-content\/uploads\/2020\/02\/HRIDAYAM_re\u0301t_int_04_OK.png","contentUrl":"https:\/\/haridayam.cat\/wp-content\/uploads\/2020\/02\/HRIDAYAM_re\u0301t_int_04_OK.png","width":1034,"height":1028,"caption":"Pratyabhij\u00f1a Hridayam Sanatana Dharma Sangha"},"image":{"@id":"https:\/\/haridayam.cat\/es\/#\/schema\/logo\/image\/"}}]}},"_links":{"self":[{"href":"https:\/\/haridayam.cat\/es\/wp-json\/wp\/v2\/pages\/2182","targetHints":{"allow":["GET"]}}],"collection":[{"href":"https:\/\/haridayam.cat\/es\/wp-json\/wp\/v2\/pages"}],"about":[{"href":"https:\/\/haridayam.cat\/es\/wp-json\/wp\/v2\/types\/page"}],"author":[{"embeddable":true,"href":"https:\/\/haridayam.cat\/es\/wp-json\/wp\/v2\/users\/1"}],"replies":[{"embeddable":true,"href":"https:\/\/haridayam.cat\/es\/wp-json\/wp\/v2\/comments?post=2182"}],"version-history":[{"count":2,"href":"https:\/\/haridayam.cat\/es\/wp-json\/wp\/v2\/pages\/2182\/revisions"}],"predecessor-version":[{"id":2184,"href":"https:\/\/haridayam.cat\/es\/wp-json\/wp\/v2\/pages\/2182\/revisions\/2184"}],"wp:attachment":[{"href":"https:\/\/haridayam.cat\/es\/wp-json\/wp\/v2\/media?parent=2182"}],"curies":[{"name":"wp","href":"https:\/\/api.w.org\/{rel}","templated":true}]}}