{"id":2171,"date":"2025-05-15T18:44:45","date_gmt":"2025-05-15T17:44:45","guid":{"rendered":"https:\/\/haridayam.cat\/politica-de-cookies\/"},"modified":"2025-05-15T18:44:45","modified_gmt":"2025-05-15T17:44:45","slug":"politica-de-cookies","status":"publish","type":"page","link":"https:\/\/haridayam.cat\/es\/politica-de-cookies\/","title":{"rendered":"Pol\u00edtica de cookies"},"content":{"rendered":"<p>[et_pb_section fb_built=\u00bb1&#8243; _builder_version=\u00bb4.6.3&#8243; use_background_color_gradient=\u00bbon\u00bb background_color_gradient_start=\u00bb#8c6316&#8243; background_color_gradient_end=\u00bb#892e31&#8243; background_color_gradient_type=\u00bbradial\u00bb background_color_gradient_end_position=\u00bb76%\u00bb max_width_tablet=\u00bb\u00bb max_width_phone=\u00bb\u00bb max_width_last_edited=\u00bbon|phone\u00bb module_alignment=\u00bbcenter\u00bb custom_margin=\u00bb|0px||0px|false|false\u00bb custom_padding=\u00bb8rem|0px|10rem|0px|false|false\u00bb top_divider_style=\u00bbarrow3&#8243; top_divider_color=\u00bb#572021&#8243; bottom_divider_style=\u00bbarrow3&#8243; bottom_divider_color=\u00bb#572021&#8243;][et_pb_row use_custom_gutter=\u00bbon\u00bb gutter_width=\u00bb2&#8243; make_equal=\u00bbon\u00bb _builder_version=\u00bb4.6.3&#8243; module_alignment=\u00bbcenter\u00bb custom_margin=\u00bb0px|0px|0px|0px|true|true\u00bb custom_padding=\u00bb0px|0px|0px|0px|true|true\u00bb][et_pb_column type=\u00bb4_4&#8243; _builder_version=\u00bb4.6.3&#8243;][et_pb_post_title _builder_version=\u00bb4.6.3&#8243; _module_preset=\u00bb5eff33df-2492-42e8-86e7-6aa103904549&#8243;][\/et_pb_post_title][et_pb_text _builder_version=\u00bb4.9.2&#8243; _module_preset=\u00bb0071b6d6-2fdf-421a-9980-fab1a8bf6a8b\u00bb hover_enabled=\u00bb0&#8243; sticky_enabled=\u00bb0&#8243;]En compliment amb el deure d&#8217;informaci\u00f3 recollit en l&#8217;apartat 2n de l&#8217;article 22 de la Llei 34\/2002, d&#8217;11 de Juliol, de Serveis de la Societat de la Informaci\u00f3 i del Comer\u00e7 Electr\u00f2nic, la present pol\u00edtica de cookies t\u00e9 per finalitat informar- lo de manera clara i precisa sobre les cookies que s&#8217;utilitz en en la p\u00e0gina web de P. HARIDAYAM,S.D.S..<\/p>\n<h2><strong>Qu\u00e8 s\u00f3n les cookies?<\/strong><\/h2>\n<p>Una cookie \u00e9s un fitxer de petita grand\u00e0ria que els llocs web envien al navegador i es descarreguen en el seu ordinador. Les cookies permeten que la p\u00e0gina web emmagatz emi i recuperi la informaci\u00f3 sobre la seva visita, com el seu idioma preferit i altres opcions, amb la finalitat de millorar els serveis que s&#8217;ofereixen i contribuir a tenir una millor experi\u00e8ncia de navegaci\u00f3 per a l&#8217;usuari. <\/p>\n<h2><strong>Tipus de cookies<\/strong><\/h2>\n<p>En funci\u00f3 de qui gestioni el domini des d&#8217;on s&#8217;envien les cookies i es tractin les dades, es distingir\u00e0 entre cookies pr\u00f2pies i cookies de tercers.<\/p>\n<p>Les cookies tamb\u00e9 poden classificar- se segons el termini de temps que romanguin emmagatz emades en el navegador de l&#8217;usuari, distingint- se entre cookies de sessi\u00f3 o cookies persistents.<\/p>\n<p>Finalment, en funci\u00f3 de la finalitat per a la qual es tracti la informaci\u00f3 recopilada, les cookies es poden classificar en les seg\u00fcents categories:<\/p>\n<ul>\n<li><strong>Cookies t\u00e8cniques:<\/strong> permeten a l&#8217;usuari navegar per un lloc web i utilitz ar alguns dels serveis oferts pel mateix (com per exemple, les que serveixen per a recordar els elements integrants d&#8217;un carret de compra).<\/li>\n<li><strong>Cookies de personalitzaci\u00f3:<\/strong> permeten que l&#8217;usuari accedeixi al lloc web amb unes caracter\u00edstiques determinades, com pot ser l&#8217;idioma.<\/li>\n<li><strong>Cookies de seguretat:<\/strong> serveixen per a impedir o dificultar els atacs contra el lloc web.<\/li>\n<li><strong>Cookies de complement per a intercanviar continguts socials:<\/strong> els anomenats plug-in, que permeten compartir continguts en xarxes socials.<\/li>\n<li><strong>Cookies d&#8217;an\u00e0lisis:<\/strong> permeten al responsable el seguiment del comportament de l&#8217;usuari.<\/li>\n<li><strong>Cookies publicit\u00e0ries:<\/strong> permeten gestionar els espais de publicitat del lloc web.<\/li>\n<li><strong>Cookies de publicitat comportamental:<\/strong> com les anteriors, serveixen per a gestionar els espais de publicitat del lloc web en funci\u00f3 de la informaci\u00f3 recollida sobre el comportament de l&#8217;usuari i els seus h\u00e0bits, adaptant la publicitat al perfil de l&#8217;usuari.<\/li>\n<li><strong>Cookies de geolocalitzaci\u00f3:<\/strong> utilitzades per a esbrinar el pa\u00eds on es troba l&#8217;usuari.<\/li>\n<\/ul>\n<h2><strong>Autoritzaci\u00f3 per a l&#8217;\u00fas de cookies<\/strong><\/h2>\n<p>De conformitat amb l&#8217;av\u00eds de cookies que apareix en el lloc web, l&#8217;usuari pot consentir expressament l&#8217;\u00fas de cookies que requereixin consentiment; no obstant aix\u00f2, l&#8217;\u00fas de cookies t\u00e8cniques o necess\u00e0ries no requereix de consentiment. Sense perjudici de tot aix\u00f2, l&#8217;usuari pot modificar la configuraci\u00f3 del seu navegador per a rebutjar l&#8217;\u00fas de les cookies. <\/p>\n<h2><strong>Com modificar la configuraci\u00f3 de les cookies<\/strong><\/h2>\n<p>Vost\u00e8 pot restringir, bloquejar o esborrar les cookies de P. HARIDAYAM,S.D.S. o qualsevol altra p\u00e0gina web utilitz ant el seu navegador. En cada navegador l&#8217;operativa \u00e9s diferent, pot trobar com fer- ho en el men\u00fa d&#8217;ajuda del seu navegador on s&#8217;estableix el procediment per a la seva eliminaci\u00f3. Per a m\u00e9s informaci\u00f3:  <\/p>\n<ul>\n<li><strong>Google Chrome:<\/strong> https:\/\/support.google.com\/chrome\/answer\/95647?co=genie.platform%3DDesktop&amp;hl=\u00e9s<\/li>\n<li><strong>Mozilla Firefox:<\/strong> https:\/\/support.mozilla.org\/es\/kb\/habilitar-y-deshabilitar-cookies-sitios-web-rastrear-preferencias<\/li>\n<li><strong>Safari:<\/strong> https:\/\/support.apple.com\/guide\/safari\/sfri11471\/mac<\/li>\n<li><strong>Internet Explorer: <\/strong>https:\/\/support.microsoft.com\/help\/278835\/how-to-delete-cookie-files-in-internet-explorer<\/li>\n<\/ul>\n<p>\u00c9s possible que en desactivar les cookies la p\u00e0gina web no funcioni correctament o no pugui accedir a determinades funcions d&#8217;aquesta.<\/p>\n<h2><strong>Cookies utilitzades en la web<\/strong><\/h2>\n<p>En el portal web s&#8217;utilitzen diferents tipus de cookies amb diferents finalitats, a continuaci\u00f3 s&#8217;enumeren les cookies emprades:<span style=\"font-size: 16px;\"> <\/span><\/p>\n<table>\n<thead>\n<tr>\n<th><span style=\"color: #648e0f;\">Nom<\/span><\/th>\n<th><span style=\"color: #648e0f;\">Duraci\u00f3 predeterminada<\/span><\/th>\n<th><span style=\"color: #648e0f;\">Descripci\u00f3<\/span><\/th>\n<\/tr>\n<\/thead>\n<tbody>\n<tr>\n<td><strong><code>_<wbr\/>ga<\/code><\/strong><\/td>\n<td>2 anys<\/td>\n<td>S&#8217;utilitza per distingir als usuaris.<\/td>\n<\/tr>\n<tr>\n<td><strong><code>_<wbr\/>gid<\/code><\/strong><\/td>\n<td>24 hores<\/td>\n<td>S&#8217;utilitza per distingir als usuaris.<\/td>\n<\/tr>\n<tr>\n<td><strong><code>_<wbr\/>ga_<wbr\/>&lt;container-id&gt;<\/code><\/strong><\/td>\n<td>2 anys<\/td>\n<td>S&#8217;utilitza per mantenir l&#8217;estat de la sessi\u00f3.<\/td>\n<\/tr>\n<tr>\n<td><strong><code>cookielawinfo-*<\/code><\/strong><\/td>\n<td>1 any<\/td>\n<td>Funcionals. S&#8217;utilitzen per guardar les prefer\u00e8ncies de cookies. <\/td>\n<\/tr>\n<\/tbody>\n<\/table>\n<p>&nbsp;<\/p>\n<h2><strong>Modificaci\u00f3 de les condicions<\/strong><\/h2>\n<p>P. HARIDAYAM,S.D.S. es reserva expressament el dret a modificar unilateralment, totalment o parcialment, sense necessitat de previ av\u00eds, la present Pol\u00edtica de Cookies. L&#8217;usuari reconeix i accepta que \u00e9s la seva responsabilitat revisar la present Pol\u00edtica de Cookies. <\/p>\n<p>&nbsp;[\/et_pb_text][\/et_pb_column][\/et_pb_row][\/et_pb_section]<\/p>\n","protected":false},"excerpt":{"rendered":"<p>En compliment amb el deure d&#8217;informaci\u00f3 recollit en l&#8217;apartat 2n de l&#8217;article 22 de la Llei 34\/2002, d&#8217;11 de Juliol, de Serveis de la Societat de la Informaci\u00f3 i del Comer\u00e7 Electr\u00f2nic, la present pol\u00edtica de cookies t\u00e9 per finalitat informar- lo de manera clara i precisa sobre les cookies que s&#8217;utilitz en en la [&hellip;]<\/p>\n","protected":false},"author":1,"featured_media":0,"parent":0,"menu_order":0,"comment_status":"closed","ping_status":"closed","template":"","meta":{"_et_pb_use_builder":"on","_et_pb_old_content":"","_et_gb_content_width":"","footnotes":""},"class_list":["post-2171","page","type-page","status-publish","hentry"],"yoast_head":"<!-- This site is optimized with the Yoast SEO plugin v27.5 - https:\/\/yoast.com\/product\/yoast-seo-wordpress\/ -->\n<title>Pol\u00edtica de cookies | Haridayam Ioga Reus<\/title>\n<meta name=\"robots\" content=\"index, follow, max-snippet:-1, max-image-preview:large, max-video-preview:-1\" \/>\n<link rel=\"canonical\" href=\"https:\/\/haridayam.cat\/es\/politica-de-cookies\/\" \/>\n<meta property=\"og:locale\" content=\"es_ES\" \/>\n<meta property=\"og:type\" content=\"article\" \/>\n<meta property=\"og:title\" content=\"Pol\u00edtica de cookies | Haridayam Ioga Reus\" \/>\n<meta property=\"og:description\" content=\"En compliment amb el deure d&#039;informaci\u00f3 recollit en l&#039;apartat 2n de l&#039;article 22 de la Llei 34\/2002, d&#039;11 de Juliol, de Serveis de la Societat de la Informaci\u00f3 i del Comer\u00e7 Electr\u00f2nic, la present pol\u00edtica de cookies t\u00e9 per finalitat informar- lo de manera clara i precisa sobre les cookies que s&#039;utilitz en en la [&hellip;]\" \/>\n<meta property=\"og:url\" content=\"https:\/\/haridayam.cat\/es\/politica-de-cookies\/\" \/>\n<meta property=\"og:site_name\" content=\"Haridayam Ioga Reus\" \/>\n<meta name=\"twitter:card\" content=\"summary_large_image\" \/>\n<meta name=\"twitter:label1\" content=\"Tiempo de lectura\" \/>\n\t<meta name=\"twitter:data1\" content=\"4 minutos\" \/>\n<script type=\"application\/ld+json\" class=\"yoast-schema-graph\">{\"@context\":\"https:\\\/\\\/schema.org\",\"@graph\":[{\"@type\":\"WebPage\",\"@id\":\"https:\\\/\\\/haridayam.cat\\\/es\\\/politica-de-cookies\\\/\",\"url\":\"https:\\\/\\\/haridayam.cat\\\/es\\\/politica-de-cookies\\\/\",\"name\":\"Pol\u00edtica de cookies | Haridayam Ioga Reus\",\"isPartOf\":{\"@id\":\"https:\\\/\\\/haridayam.cat\\\/es\\\/#website\"},\"datePublished\":\"2025-05-15T17:44:45+00:00\",\"breadcrumb\":{\"@id\":\"https:\\\/\\\/haridayam.cat\\\/es\\\/politica-de-cookies\\\/#breadcrumb\"},\"inLanguage\":\"es\",\"potentialAction\":[{\"@type\":\"ReadAction\",\"target\":[\"https:\\\/\\\/haridayam.cat\\\/es\\\/politica-de-cookies\\\/\"]}]},{\"@type\":\"BreadcrumbList\",\"@id\":\"https:\\\/\\\/haridayam.cat\\\/es\\\/politica-de-cookies\\\/#breadcrumb\",\"itemListElement\":[{\"@type\":\"ListItem\",\"position\":1,\"name\":\"Home\",\"item\":\"https:\\\/\\\/haridayam.cat\\\/es\\\/hridayam\\\/\"},{\"@type\":\"ListItem\",\"position\":2,\"name\":\"Pol\u00edtica de cookies\"}]},{\"@type\":\"WebSite\",\"@id\":\"https:\\\/\\\/haridayam.cat\\\/es\\\/#website\",\"url\":\"https:\\\/\\\/haridayam.cat\\\/es\\\/\",\"name\":\"Haridayam Ioga Reus\",\"description\":\"Comunitat de practicants de ioga, meditaci\u00f3 i filosofia Vedanta a Reus\",\"publisher\":{\"@id\":\"https:\\\/\\\/haridayam.cat\\\/es\\\/#organization\"},\"potentialAction\":[{\"@type\":\"SearchAction\",\"target\":{\"@type\":\"EntryPoint\",\"urlTemplate\":\"https:\\\/\\\/haridayam.cat\\\/es\\\/?s={search_term_string}\"},\"query-input\":{\"@type\":\"PropertyValueSpecification\",\"valueRequired\":true,\"valueName\":\"search_term_string\"}}],\"inLanguage\":\"es\"},{\"@type\":\"Organization\",\"@id\":\"https:\\\/\\\/haridayam.cat\\\/es\\\/#organization\",\"name\":\"Pratyabhij\u00f1a Hridayam Sanatana Dharma Sangha\",\"url\":\"https:\\\/\\\/haridayam.cat\\\/es\\\/\",\"logo\":{\"@type\":\"ImageObject\",\"inLanguage\":\"es\",\"@id\":\"https:\\\/\\\/haridayam.cat\\\/es\\\/#\\\/schema\\\/logo\\\/image\\\/\",\"url\":\"https:\\\/\\\/haridayam.cat\\\/wp-content\\\/uploads\\\/2020\\\/02\\\/HRIDAYAM_re\u0301t_int_04_OK.png\",\"contentUrl\":\"https:\\\/\\\/haridayam.cat\\\/wp-content\\\/uploads\\\/2020\\\/02\\\/HRIDAYAM_re\u0301t_int_04_OK.png\",\"width\":1034,\"height\":1028,\"caption\":\"Pratyabhij\u00f1a Hridayam Sanatana Dharma Sangha\"},\"image\":{\"@id\":\"https:\\\/\\\/haridayam.cat\\\/es\\\/#\\\/schema\\\/logo\\\/image\\\/\"}}]}<\/script>\n<!-- \/ Yoast SEO plugin. -->","yoast_head_json":{"title":"Pol\u00edtica de cookies | Haridayam Ioga Reus","robots":{"index":"index","follow":"follow","max-snippet":"max-snippet:-1","max-image-preview":"max-image-preview:large","max-video-preview":"max-video-preview:-1"},"canonical":"https:\/\/haridayam.cat\/es\/politica-de-cookies\/","og_locale":"es_ES","og_type":"article","og_title":"Pol\u00edtica de cookies | Haridayam Ioga Reus","og_description":"En compliment amb el deure d'informaci\u00f3 recollit en l'apartat 2n de l'article 22 de la Llei 34\/2002, d'11 de Juliol, de Serveis de la Societat de la Informaci\u00f3 i del Comer\u00e7 Electr\u00f2nic, la present pol\u00edtica de cookies t\u00e9 per finalitat informar- lo de manera clara i precisa sobre les cookies que s'utilitz en en la [&hellip;]","og_url":"https:\/\/haridayam.cat\/es\/politica-de-cookies\/","og_site_name":"Haridayam Ioga Reus","twitter_card":"summary_large_image","twitter_misc":{"Tiempo de lectura":"4 minutos"},"schema":{"@context":"https:\/\/schema.org","@graph":[{"@type":"WebPage","@id":"https:\/\/haridayam.cat\/es\/politica-de-cookies\/","url":"https:\/\/haridayam.cat\/es\/politica-de-cookies\/","name":"Pol\u00edtica de cookies | Haridayam Ioga Reus","isPartOf":{"@id":"https:\/\/haridayam.cat\/es\/#website"},"datePublished":"2025-05-15T17:44:45+00:00","breadcrumb":{"@id":"https:\/\/haridayam.cat\/es\/politica-de-cookies\/#breadcrumb"},"inLanguage":"es","potentialAction":[{"@type":"ReadAction","target":["https:\/\/haridayam.cat\/es\/politica-de-cookies\/"]}]},{"@type":"BreadcrumbList","@id":"https:\/\/haridayam.cat\/es\/politica-de-cookies\/#breadcrumb","itemListElement":[{"@type":"ListItem","position":1,"name":"Home","item":"https:\/\/haridayam.cat\/es\/hridayam\/"},{"@type":"ListItem","position":2,"name":"Pol\u00edtica de cookies"}]},{"@type":"WebSite","@id":"https:\/\/haridayam.cat\/es\/#website","url":"https:\/\/haridayam.cat\/es\/","name":"Haridayam Ioga Reus","description":"Comunitat de practicants de ioga, meditaci\u00f3 i filosofia Vedanta a Reus","publisher":{"@id":"https:\/\/haridayam.cat\/es\/#organization"},"potentialAction":[{"@type":"SearchAction","target":{"@type":"EntryPoint","urlTemplate":"https:\/\/haridayam.cat\/es\/?s={search_term_string}"},"query-input":{"@type":"PropertyValueSpecification","valueRequired":true,"valueName":"search_term_string"}}],"inLanguage":"es"},{"@type":"Organization","@id":"https:\/\/haridayam.cat\/es\/#organization","name":"Pratyabhij\u00f1a Hridayam Sanatana Dharma Sangha","url":"https:\/\/haridayam.cat\/es\/","logo":{"@type":"ImageObject","inLanguage":"es","@id":"https:\/\/haridayam.cat\/es\/#\/schema\/logo\/image\/","url":"https:\/\/haridayam.cat\/wp-content\/uploads\/2020\/02\/HRIDAYAM_re\u0301t_int_04_OK.png","contentUrl":"https:\/\/haridayam.cat\/wp-content\/uploads\/2020\/02\/HRIDAYAM_re\u0301t_int_04_OK.png","width":1034,"height":1028,"caption":"Pratyabhij\u00f1a Hridayam Sanatana Dharma Sangha"},"image":{"@id":"https:\/\/haridayam.cat\/es\/#\/schema\/logo\/image\/"}}]}},"_links":{"self":[{"href":"https:\/\/haridayam.cat\/es\/wp-json\/wp\/v2\/pages\/2171","targetHints":{"allow":["GET"]}}],"collection":[{"href":"https:\/\/haridayam.cat\/es\/wp-json\/wp\/v2\/pages"}],"about":[{"href":"https:\/\/haridayam.cat\/es\/wp-json\/wp\/v2\/types\/page"}],"author":[{"embeddable":true,"href":"https:\/\/haridayam.cat\/es\/wp-json\/wp\/v2\/users\/1"}],"replies":[{"embeddable":true,"href":"https:\/\/haridayam.cat\/es\/wp-json\/wp\/v2\/comments?post=2171"}],"version-history":[{"count":2,"href":"https:\/\/haridayam.cat\/es\/wp-json\/wp\/v2\/pages\/2171\/revisions"}],"predecessor-version":[{"id":2173,"href":"https:\/\/haridayam.cat\/es\/wp-json\/wp\/v2\/pages\/2171\/revisions\/2173"}],"wp:attachment":[{"href":"https:\/\/haridayam.cat\/es\/wp-json\/wp\/v2\/media?parent=2171"}],"curies":[{"name":"wp","href":"https:\/\/api.w.org\/{rel}","templated":true}]}}